{"id":62,"date":"2026-01-12T12:59:13","date_gmt":"2026-01-12T09:29:13","guid":{"rendered":"https:\/\/motosafe.ge\/?page_id=62"},"modified":"2026-04-15T16:52:17","modified_gmt":"2026-04-15T13:22:17","slug":"haqqimizda","status":"publish","type":"page","link":"https:\/\/motosafe.ge\/ka\/haqqimizda\/","title":{"rendered":"\u10e9\u10d5\u10d4\u10dc\u10e1 \u10e8\u10d4\u10e1\u10d0\u10ee\u10d4\u10d1"},"content":{"rendered":"<div data-elementor-type=\"wp-page\" data-elementor-id=\"62\" class=\"elementor elementor-62\">\n\t\t\t\t<div class=\"elementor-element elementor-element-c463332 e-flex e-con-boxed e-con e-parent\" data-id=\"c463332\" data-element_type=\"container\" data-e-type=\"container\">\n\t\t\t\t\t<div class=\"e-con-inner\">\n\t\t\t\t<div class=\"elementor-element elementor-element-867720d eael-infobox-content-align--center eael-infobox-icon-bg-shape-none eael-infobox-icon-hover-bg-shape-none elementor-widget elementor-widget-eael-info-box\" data-id=\"867720d\" data-element_type=\"widget\" data-e-type=\"widget\" data-widget_type=\"eael-info-box.default\">\n\t\t\t\t\t        <div class=\"eael-infobox icon-on-top\">\n\t            <div class=\"infobox-icon eael-icon-only\">\n\n            \n                            <div class=\"infobox-icon-wrap\">\n                    <svg aria-hidden=\"true\" class=\"e-font-icon-svg e-fas-motorcycle\" viewbox=\"0 0 640 512\" xmlns=\"http:\/\/www.w3.org\/2000\/svg\"><path d=\"M512.9 192c-14.9-.1-29.1 2.3-42.4 6.9L437.6 144H520c13.3 0 24-10.7 24-24V88c0-13.3-10.7-24-24-24h-45.3c-6.8 0-13.3 2.9-17.8 7.9l-37.5 41.7-22.8-38C392.2 68.4 384.4 64 376 64h-80c-8.8 0-16 7.2-16 16v16c0 8.8 7.2 16 16 16h66.4l19.2 32H227.9c-17.7-23.1-44.9-40-99.9-40H72.5C59 104 47.7 115 48 128.5c.2 13 10.9 23.5 24 23.5h56c24.5 0 38.7 10.9 47.8 24.8l-11.3 20.5c-13-3.9-26.9-5.7-41.3-5.2C55.9 194.5 1.6 249.6 0 317c-1.6 72.1 56.3 131 128 131 59.6 0 109.7-40.8 124-96h84.2c13.7 0 24.6-11.4 24-25.1-2.1-47.1 17.5-93.7 56.2-125l12.5 20.8c-27.6 23.7-45.1 58.9-44.8 98.2.5 69.6 57.2 126.5 126.8 127.1 71.6.7 129.8-57.5 129.2-129.1-.7-69.6-57.6-126.4-127.2-126.9zM128 400c-44.1 0-80-35.9-80-80s35.9-80 80-80c4.2 0 8.4.3 12.5 1L99 316.4c-8.8 16 2.8 35.6 21 35.6h81.3c-12.4 28.2-40.6 48-73.3 48zm463.9-75.6c-2.2 40.6-35 73.4-75.5 75.5-46.1 2.5-84.4-34.3-84.4-79.9 0-21.4 8.4-40.8 22.1-55.1l49.4 82.4c4.5 7.6 14.4 10 22 5.5l13.7-8.2c7.6-4.5 10-14.4 5.5-22l-48.6-80.9c5.2-1.1 10.5-1.6 15.9-1.6 45.6-.1 82.3 38.2 79.9 84.3z\"><\/path><\/svg>                <\/div>\n            \n            \n        <\/div>\n            <div class=\"infobox-content eael-icon-only\">\n                    <div class=\"infobox-title-section\">\n                <h2 class=\"title\">\u10e9\u10d5\u10d4\u10dc \u10e8\u10d4\u10e1\u10d0\u10ee\u10d4\u10d1 \u2013 Motosafe<\/h2>            <\/div>\n            <div><p><strong>motosafe<\/strong> \u10e1\u10d0\u10e5\u10d0\u10e0\u10d7\u10d5\u10d4\u10da\u10dd\u10e8\u10d8 \u10d4\u10da\u10d4\u10e5\u10e2\u10e0\u10dd \u10db\u10dd\u10e2\u10dd\u10ea\u10d8\u10d9\u10da\u10d4\u10d1\u10d8\u10e1 \u10d2\u10d0\u10e7\u10d8\u10d3\u10d5\u10d0\u10e8\u10d8 \u10e1\u10de\u10d4\u10ea\u10d8\u10d0\u10da\u10d8\u10d6\u10d4\u10d1\u10e3\u10da\u10d8 \u10d1\u10e0\u10d4\u10dc\u10d3\u10d8\u10d0. \u10e9\u10d5\u10d4\u10dc \u10d2\u10d7\u10d0\u10d5\u10d0\u10d6\u10dd\u10d1\u10d7 \u10e5\u10d0\u10da\u10d0\u10e5\u10d8\u10e1 \u10ea\u10ee\u10dd\u10d5\u10e0\u10d4\u10d1\u10d8\u10e1\u10d7\u10d5\u10d8\u10e1 \u10e8\u10d4\u10e1\u10d0\u10e4\u10d4\u10e0\u10d8\u10e1, \u10e3\u10e1\u10d0\u10e4\u10e0\u10d7\u10ee\u10dd, \u10d4\u10d9\u10dd\u10dc\u10dd\u10db\u10d8\u10e3\u10e0 \u10d3\u10d0 \u10d4\u10d9\u10dd\u10da\u10dd\u10d2\u10d8\u10e3\u10e0\u10d0\u10d3 \u10e1\u10e3\u10e4\u10d7\u10d0 \u10e1\u10d0\u10e2\u10e0\u10d0\u10dc\u10e1\u10de\u10dd\u10e0\u10e2\u10dd \u10d2\u10d0\u10d3\u10d0\u10ec\u10e7\u10d5\u10d4\u10e2\u10d8\u10da\u10d4\u10d1\u10d4\u10d1\u10e1.<\/p><p>\u10e9\u10d5\u10d4\u10dc\u10d8 \u10d2\u10d0\u10e7\u10d8\u10d3\u10d5\u10d4\u10d1\u10d8 \u10ee\u10dd\u10e0\u10ea\u10d8\u10d4\u10da\u10d3\u10d4\u10d1\u10d0 \u10db\u10ee\u10dd\u10da\u10dd\u10d3 \u10d0\u10d3\u10d2\u10d8\u10da\u10d6\u10d4 (\u10e4\u10d8\u10d6\u10d8\u10d9\u10e3\u10e0\u10d0\u10d3), \u10e0\u10d0\u10ea \u10e9\u10d5\u10d4\u10dc\u10e1 \u10db\u10dd\u10db\u10ee\u10db\u10d0\u10e0\u10d4\u10d1\u10da\u10d4\u10d1\u10e1 \u10d0\u10eb\u10da\u10d4\u10d5\u10e1 \u10e8\u10d4\u10e1\u10d0\u10eb\u10da\u10d4\u10d1\u10da\u10dd\u10d1\u10d0\u10e1 \u10de\u10e0\u10dd\u10d3\u10e3\u10e5\u10e2\u10d8 \u10d0\u10ee\u10da\u10dd\u10d3\u10d0\u10dc \u10dc\u10d0\u10ee\u10dd\u10dc, \u10e8\u10d4\u10d0\u10db\u10dd\u10ec\u10db\u10dd\u10dc \u10d3\u10d0 \u10e1\u10ec\u10dd\u10e0\u10d8 \u10d0\u10e0\u10e9\u10d4\u10d5\u10d0\u10dc\u10d8 \u10d2\u10d0\u10d0\u10d9\u10d4\u10d7\u10dd\u10dc. Motosafe-\u10e8\u10d8 \u10ec\u10d0\u10e0\u10db\u10dd\u10d3\u10d2\u10d4\u10dc\u10d8\u10da\u10d8 \u10e7\u10d5\u10d4\u10da\u10d0 \u10db\u10dd\u10e2\u10dd\u10ea\u10d8\u10d9\u10da\u10d8 \u10e1\u10e0\u10e3\u10da\u10d0\u10d3 \u10d4\u10da\u10d4\u10e5\u10e2\u10e0\u10e3\u10da\u10d8\u10d0 \u10d3\u10d0 \u10e8\u10d4\u10e1\u10d0\u10e4\u10d4\u10e0\u10d8\u10e1\u10d8\u10d0 \u10e0\u10dd\u10d2\u10dd\u10e0\u10ea \u10de\u10d8\u10e0\u10d0\u10d3\u10d8 \u10d2\u10d0\u10db\u10dd\u10e7\u10d4\u10dc\u10d4\u10d1\u10d8\u10e1\u10d7\u10d5\u10d8\u10e1, \u10d8\u10e1\u10d4 \u10e7\u10dd\u10d5\u10d4\u10da\u10d3\u10e6\u10d8\u10e3\u10e0\u10d8 \u10e5\u10d0\u10da\u10d0\u10e5\u10e3\u10e0\u10d8 \u10d2\u10d0\u10d3\u10d0\u10d0\u10d3\u10d2\u10d8\u10da\u10d4\u10d1\u10d8\u10e1\u10d7\u10d5\u10d8\u10e1, \u10d0\u10e1\u10d4\u10d5\u10d4 \u10e1\u10d0\u10db\u10e3\u10e8\u10d0\u10dd \u10d3\u10d0 \u10d9\u10dd\u10db\u10d4\u10e0\u10ea\u10d8\u10e3\u10da\u10d8 \u10db\u10d8\u10d6\u10dc\u10d4\u10d1\u10d8\u10e1\u10d7\u10d5\u10d8\u10e1.<\/p><p>\u10e9\u10d5\u10d4\u10dc\u10d8 \u10d4\u10e0\u10d7-\u10d4\u10e0\u10d7\u10d8 \u10db\u10d7\u10d0\u10d5\u10d0\u10e0\u10d8 \u10e3\u10de\u10d8\u10e0\u10d0\u10e2\u10d4\u10e1\u10dd\u10d1\u10d0\u10d0 \u10d1\u10d0\u10d6\u10d0\u10e0\u10d6\u10d4 \u10e7\u10d5\u10d4\u10da\u10d0\u10d6\u10d4 \u10ee\u10d4\u10da\u10db\u10d8\u10e1\u10d0\u10ec\u10d5\u10d3\u10dd\u10db\u10d8 \u10e4\u10d0\u10e1\u10d4\u10d1\u10d8 \u10d3\u10d0 \u10e1\u10d0\u10d8\u10db\u10d4\u10d3\u10dd \u10d2\u10d0\u10e7\u10d8\u10d3\u10d5\u10d8\u10e1 \u10e8\u10d4\u10db\u10d3\u10d2\u10dd\u10db\u10d8 \u10db\u10dd\u10db\u10e1\u10d0\u10ee\u10e3\u10e0\u10d4\u10d1\u10d0. \u10db\u10dd\u10db\u10ee\u10db\u10d0\u10e0\u10d4\u10d1\u10da\u10d8\u10e1 \u10d9\u10db\u10d0\u10e7\u10dd\u10e4\u10d8\u10da\u10d4\u10d1\u10d0 Motosafe-\u10e1\u10d7\u10d5\u10d8\u10e1 \u10e3\u10d1\u10e0\u10d0\u10da\u10dd\u10d3 \u10e1\u10d8\u10e2\u10e7\u10d5\u10d0 \u10d0\u10e0 \u10d0\u10e0\u10d8\u10e1 \u2014 \u10d4\u10e1 \u10e9\u10d5\u10d4\u10dc\u10d8 \u10db\u10e3\u10e8\u10d0\u10dd\u10d1\u10d8\u10e1 \u10de\u10e0\u10d8\u10dc\u10ea\u10d8\u10de\u10d8\u10d0.<\/p><p>\u10d7\u10e3 \u10d7\u10e5\u10d5\u10d4\u10dc \u10e1\u10d0\u10e5\u10d0\u10e0\u10d7\u10d5\u10d4\u10da\u10dd\u10e8\u10d8 \u10d4\u10eb\u10d4\u10d1\u10d7 \u10d7\u10d0\u10dc\u10d0\u10db\u10d4\u10d3\u10e0\u10dd\u10d5\u10d4, \u10e3\u10e1\u10d0\u10e4\u10e0\u10d7\u10ee\u10dd \u10d3\u10d0 \u10ee\u10d4\u10da\u10db\u10d8\u10e1\u10d0\u10ec\u10d5\u10d3\u10dd\u10db \u10d4\u10da\u10d4\u10e5\u10e2\u10e0\u10dd \u10db\u10dd\u10e2\u10dd\u10ea\u10d8\u10d9\u10da\u10e1, Motosafe \u10d0\u10e0\u10d8\u10e1 \u10e1\u10ec\u10dd\u10e0\u10d8 \u10db\u10d8\u10e1\u10d0\u10db\u10d0\u10e0\u10d7\u10d8. \u10d2\u10d0\u10d8\u10ea\u10d0\u10dc\u10d8\u10d7 \u10db\u10dd\u10db\u10d0\u10d5\u10da\u10d8\u10e1 \u10e2\u10e0\u10d0\u10dc\u10e1\u10de\u10dd\u10e0\u10e2\u10d8 \u10e3\u10d9\u10d5\u10d4 \u10d3\u10e6\u10d4\u10e1.<\/p><\/div>        <\/div>\n            <\/div>\n\n\t\t\t\t\t\t<\/div>\n\t\t\t\t\t<\/div>\n\t\t\t\t<\/div>\n\t\t\t\t<\/div>","protected":false},"excerpt":{"rendered":"<p>Haqq\u0131m\u0131zda \u2013 motosafe motosafe G\u00fcrc\u00fcstanda elektrik motosikletl\u0259rinin sat\u0131\u015f\u0131 \u00fczr\u0259 ixtisasla\u015fm\u0131\u015f bir markad\u0131r. Biz \u015f\u0259h\u0259r h\u0259yat\u0131na uy\u011fun, t\u0259hl\u00fck\u0259siz, q\u0259na\u0259tcil v\u0259 ekoloji [&hellip;]<\/p>\n","protected":false},"author":1,"featured_media":0,"parent":0,"menu_order":0,"comment_status":"closed","ping_status":"closed","template":"","meta":{"_eb_attr":"","site-sidebar-layout":"no-sidebar","site-content-layout":"","ast-site-content-layout":"full-width-container","site-content-style":"default","site-sidebar-style":"default","ast-global-header-display":"","ast-banner-title-visibility":"","ast-main-header-display":"","ast-hfb-above-header-display":"","ast-hfb-below-header-display":"","ast-hfb-mobile-header-display":"","site-post-title":"disabled","ast-breadcrumbs-content":"","ast-featured-img":"disabled","footer-sml-layout":"","ast-disable-related-posts":"","theme-transparent-header-meta":"","adv-header-id-meta":"","stick-header-meta":"","header-above-stick-meta":"","header-main-stick-meta":"","header-below-stick-meta":"","astra-migrate-meta-layouts":"default","ast-page-background-enabled":"default","ast-page-background-meta":{"desktop":{"background-color":"var(--ast-global-color-5)","background-image":"","background-repeat":"repeat","background-position":"center center","background-size":"auto","background-attachment":"scroll","background-type":"","background-media":"","overlay-type":"","overlay-color":"","overlay-opacity":"","overlay-gradient":""},"tablet":{"background-color":"","background-image":"","background-repeat":"repeat","background-position":"center center","background-size":"auto","background-attachment":"scroll","background-type":"","background-media":"","overlay-type":"","overlay-color":"","overlay-opacity":"","overlay-gradient":""},"mobile":{"background-color":"","background-image":"","background-repeat":"repeat","background-position":"center center","background-size":"auto","background-attachment":"scroll","background-type":"","background-media":"","overlay-type":"","overlay-color":"","overlay-opacity":"","overlay-gradient":""}},"ast-content-background-meta":{"desktop":{"background-color":"var(--ast-global-color-4)","background-image":"","background-repeat":"repeat","background-position":"center center","background-size":"auto","background-attachment":"scroll","background-type":"","background-media":"","overlay-type":"","overlay-color":"","overlay-opacity":"","overlay-gradient":""},"tablet":{"background-color":"var(--ast-global-color-4)","background-image":"","background-repeat":"repeat","background-position":"center center","background-size":"auto","background-attachment":"scroll","background-type":"","background-media":"","overlay-type":"","overlay-color":"","overlay-opacity":"","overlay-gradient":""},"mobile":{"background-color":"var(--ast-global-color-4)","background-image":"","background-repeat":"repeat","background-position":"center center","background-size":"auto","background-attachment":"scroll","background-type":"","background-media":"","overlay-type":"","overlay-color":"","overlay-opacity":"","overlay-gradient":""}},"footnotes":""},"class_list":["post-62","page","type-page","status-publish","hentry"],"_links":{"self":[{"href":"https:\/\/motosafe.ge\/ka\/wp-json\/wp\/v2\/pages\/62","targetHints":{"allow":["GET"]}}],"collection":[{"href":"https:\/\/motosafe.ge\/ka\/wp-json\/wp\/v2\/pages"}],"about":[{"href":"https:\/\/motosafe.ge\/ka\/wp-json\/wp\/v2\/types\/page"}],"author":[{"embeddable":true,"href":"https:\/\/motosafe.ge\/ka\/wp-json\/wp\/v2\/users\/1"}],"replies":[{"embeddable":true,"href":"https:\/\/motosafe.ge\/ka\/wp-json\/wp\/v2\/comments?post=62"}],"version-history":[{"count":13,"href":"https:\/\/motosafe.ge\/ka\/wp-json\/wp\/v2\/pages\/62\/revisions"}],"predecessor-version":[{"id":1224,"href":"https:\/\/motosafe.ge\/ka\/wp-json\/wp\/v2\/pages\/62\/revisions\/1224"}],"wp:attachment":[{"href":"https:\/\/motosafe.ge\/ka\/wp-json\/wp\/v2\/media?parent=62"}],"curies":[{"name":"wp","href":"https:\/\/api.w.org\/{rel}","templated":true}]}}