{"id":17,"date":"2026-01-02T11:12:26","date_gmt":"2026-01-02T07:42:26","guid":{"rendered":"https:\/\/motosafe.ge\/?page_id=17"},"modified":"2026-02-06T17:04:16","modified_gmt":"2026-02-06T13:34:16","slug":"home","status":"publish","type":"page","link":"https:\/\/motosafe.ge\/ka\/","title":{"rendered":"\u10db\u10d7\u10d0\u10d5\u10d0\u10e0\u10d8 \u10d2\u10d5\u10d4\u10e0\u10d3\u10d8"},"content":{"rendered":"<div data-elementor-type=\"wp-page\" data-elementor-id=\"17\" class=\"elementor elementor-17\">\n\t\t\t\t<div class=\"elementor-element elementor-element-712c89b e-flex e-con-boxed e-con e-parent\" data-id=\"712c89b\" data-element_type=\"container\" data-e-type=\"container\">\n\t\t\t\t\t<div class=\"e-con-inner\">\n\t\t\t\t<div class=\"elementor-element elementor-element-87ee058 elementor-widget__width-inherit elementor-widget elementor-widget-image\" data-id=\"87ee058\" data-element_type=\"widget\" data-e-type=\"widget\" data-widget_type=\"image.default\">\n\t\t\t\t\t\t\t\t\t\t\t\t\t\t\t<img fetchpriority=\"high\" decoding=\"async\" width=\"1536\" height=\"799\" src=\"https:\/\/motosafe.ge\/wp-content\/uploads\/2026\/01\/banner_11zon1-1.png\" class=\"attachment-full size-full wp-image-624\" alt=\"\" srcset=\"https:\/\/motosafe.ge\/wp-content\/uploads\/2026\/01\/banner_11zon1-1.png 1536w, https:\/\/motosafe.ge\/wp-content\/uploads\/2026\/01\/banner_11zon1-1-300x156.png 300w, https:\/\/motosafe.ge\/wp-content\/uploads\/2026\/01\/banner_11zon1-1-1024x533.png 1024w, https:\/\/motosafe.ge\/wp-content\/uploads\/2026\/01\/banner_11zon1-1-768x400.png 768w\" sizes=\"(max-width: 1536px) 100vw, 1536px\" \/>\t\t\t\t\t\t\t\t\t\t\t\t\t\t\t<\/div>\n\t\t\t\t\t<\/div>\n\t\t\t\t<\/div>\n\t\t<div class=\"elementor-element elementor-element-85faf3a e-flex e-con-boxed e-con e-parent\" data-id=\"85faf3a\" data-element_type=\"container\" data-e-type=\"container\">\n\t\t\t\t\t<div class=\"e-con-inner\">\n\t\t\t\t<div class=\"elementor-element elementor-element-7ec00a0 elementor-widget elementor-widget-heading\" data-id=\"7ec00a0\" data-element_type=\"widget\" data-e-type=\"widget\" data-widget_type=\"heading.default\">\n\t\t\t\t\t<h2 class=\"elementor-heading-title elementor-size-default\">**Electro Muravey \u2013 \u10e1\u10ee\u10d5\u10d0\u10d3\u10d0\u10e1\u10ee\u10d5\u10d0 \u10db\u10dd\u10d3\u10d4\u10da\u10d4\u10d1\u10d8 \u10d3\u10d0 \u10e4\u10d4\u10e0\u10d4\u10d1\u10d8 \u10e3\u10d9\u10d5\u10d4 Motosafe-\u10e8\u10d8!**<\/h2>\t\t\t\t<\/div>\n\t\t\t\t\t<\/div>\n\t\t\t\t<\/div>\n\t\t<div class=\"elementor-element elementor-element-74db984 e-flex e-con-boxed e-con e-parent\" data-id=\"74db984\" data-element_type=\"container\" data-e-type=\"container\">\n\t\t\t\t\t<div class=\"e-con-inner\">\n\t\t\t\t<div class=\"elementor-element elementor-element-6123514 elementor-widget__width-initial elementor-widget elementor-widget-heading\" data-id=\"6123514\" data-element_type=\"widget\" data-e-type=\"widget\" data-widget_type=\"heading.default\">\n\t\t\t\t\t<h2 class=\"elementor-heading-title elementor-size-default\">**\u10d4\u10d9\u10dd\u10da\u10dd\u10d2\u10d8\u10e3\u10e0\u10d0\u10d3 \u10e1\u10e3\u10e4\u10d7\u10d0, \u10d4\u10d9\u10dd\u10dc\u10dd\u10db\u10d8\u10e3\u10e0\u10d8 \u10d3\u10d0 \u10e7\u10d5\u10d4\u10da\u10d2\u10d0\u10dc \u10d2\u10d0\u10db\u10dd\u10e1\u10d0\u10e7\u10d4\u10dc\u10d4\u10d1\u10da\u10d0\u10d3 \u10d8\u10d3\u10d4\u10d0\u10da\u10e3\u10e0\u10d8 \u10e2\u10e0\u10d0\u10dc\u10e1\u10de\u10dd\u10e0\u10e2\u10d8.**<\/h2>\t\t\t\t<\/div>\n\t\t\t\t\t<\/div>\n\t\t\t\t<\/div>\n\t\t<div class=\"elementor-element elementor-element-16c2179 e-flex e-con-boxed e-con e-parent\" data-id=\"16c2179\" data-element_type=\"container\" data-e-type=\"container\" data-settings=\"{&quot;background_background&quot;:&quot;classic&quot;}\">\n\t\t\t\t\t<div class=\"e-con-inner\">\n\t\t<div class=\"elementor-element elementor-element-875170e e-con-full e-flex e-con e-child\" data-id=\"875170e\" data-element_type=\"container\" data-e-type=\"container\">\n\t\t\t\t<div class=\"elementor-element elementor-element-577f52a elementor-widget__width-auto elementor-arrows-position-inside elementor-pagination-position-outside elementor-widget elementor-widget-image-carousel\" data-id=\"577f52a\" data-element_type=\"widget\" data-e-type=\"widget\" data-settings=\"{&quot;slides_to_show&quot;:&quot;1&quot;,&quot;navigation&quot;:&quot;both&quot;,&quot;autoplay&quot;:&quot;yes&quot;,&quot;pause_on_hover&quot;:&quot;yes&quot;,&quot;pause_on_interaction&quot;:&quot;yes&quot;,&quot;autoplay_speed&quot;:5000,&quot;infinite&quot;:&quot;yes&quot;,&quot;effect&quot;:&quot;slide&quot;,&quot;speed&quot;:500}\" data-widget_type=\"image-carousel.default\">\n\t\t\t\t\t\t\t<div class=\"elementor-image-carousel-wrapper swiper\" role=\"region\" aria-roledescription=\"carousel\" aria-label=\"Image Carousel\" dir=\"ltr\">\n\t\t\t<div class=\"elementor-image-carousel swiper-wrapper\" aria-live=\"off\">\n\t\t\t\t\t\t\t\t<div class=\"swiper-slide\" role=\"group\" aria-roledescription=\"slide\" aria-label=\"1 of 3\"><figure class=\"swiper-slide-inner\"><img decoding=\"async\" class=\"swiper-slide-image\" src=\"https:\/\/motosafe.ge\/wp-content\/uploads\/2026\/01\/qosa-t\u0259k\u0259rli-1.jpeg\" alt=\"qo\u015fa t\u0259k\u0259rli (1)\" \/><\/figure><\/div><div class=\"swiper-slide\" role=\"group\" aria-roledescription=\"slide\" aria-label=\"2 of 3\"><figure class=\"swiper-slide-inner\"><img decoding=\"async\" class=\"swiper-slide-image\" src=\"https:\/\/motosafe.ge\/wp-content\/uploads\/2026\/01\/qosa-t\u0259k\u0259rli-2.jpeg\" alt=\"qo\u015fa t\u0259k\u0259rli (2)\" \/><\/figure><\/div><div class=\"swiper-slide\" role=\"group\" aria-roledescription=\"slide\" aria-label=\"3 of 3\"><figure class=\"swiper-slide-inner\"><img decoding=\"async\" class=\"swiper-slide-image\" src=\"https:\/\/motosafe.ge\/wp-content\/uploads\/2026\/01\/qosa-t\u0259k\u0259rli-4.jpeg\" alt=\"qo\u015fa t\u0259k\u0259rli (4)\" \/><\/figure><\/div>\t\t\t<\/div>\n\t\t\t\t\t\t\t\t\t\t\t\t<div class=\"elementor-swiper-button elementor-swiper-button-prev\" role=\"button\" tabindex=\"0\">\n\t\t\t\t\t\t<svg aria-hidden=\"true\" class=\"e-font-icon-svg e-eicon-chevron-left\" viewbox=\"0 0 1000 1000\" xmlns=\"http:\/\/www.w3.org\/2000\/svg\"><path d=\"M646 125C629 125 613 133 604 142L308 442C296 454 292 471 292 487 292 504 296 521 308 533L604 854C617 867 629 875 646 875 663 875 679 871 692 858 704 846 713 829 713 812 713 796 708 779 692 767L438 487 692 225C700 217 708 204 708 187 708 171 704 154 692 142 675 129 663 125 646 125Z\"><\/path><\/svg>\t\t\t\t\t<\/div>\n\t\t\t\t\t<div class=\"elementor-swiper-button elementor-swiper-button-next\" role=\"button\" tabindex=\"0\">\n\t\t\t\t\t\t<svg aria-hidden=\"true\" class=\"e-font-icon-svg e-eicon-chevron-right\" viewbox=\"0 0 1000 1000\" xmlns=\"http:\/\/www.w3.org\/2000\/svg\"><path d=\"M696 533C708 521 713 504 713 487 713 471 708 454 696 446L400 146C388 133 375 125 354 125 338 125 325 129 313 142 300 154 292 171 292 187 292 204 296 221 308 233L563 492 304 771C292 783 288 800 288 817 288 833 296 850 308 863 321 871 338 875 354 875 371 875 388 867 400 854L696 533Z\"><\/path><\/svg>\t\t\t\t\t<\/div>\n\t\t\t\t\n\t\t\t\t\t\t\t\t\t<div class=\"swiper-pagination\"><\/div>\n\t\t\t\t\t\t\t\t\t<\/div>\n\t\t\t\t\t\t<\/div>\n\t\t\t\t<\/div>\n\t\t<div class=\"elementor-element elementor-element-9dc7778 e-con-full e-flex e-con e-child\" data-id=\"9dc7778\" data-element_type=\"container\" data-e-type=\"container\">\n\t\t<div class=\"elementor-element elementor-element-61b413e e-con-full e-flex e-con e-child\" data-id=\"61b413e\" data-element_type=\"container\" data-e-type=\"container\">\n\t\t\t\t<div class=\"elementor-element elementor-element-0a9d07a elementor-widget elementor-widget-heading\" data-id=\"0a9d07a\" data-element_type=\"widget\" data-e-type=\"widget\" data-widget_type=\"heading.default\">\n\t\t\t\t\t<h2 class=\"elementor-heading-title elementor-size-default\">**\u10e1\u10d0\u10e5\u10d0\u10e0\u10d7\u10d5\u10d4\u10da\u10dd\u10e8\u10d8 \u10de\u10d8\u10e0\u10d5\u10d4\u10da\u10d8 \u10d3\u10d0 \u10d4\u10e0\u10d7\u10d0\u10d3\u10d4\u10e0\u10d7\u10d8 Motosafe.ge-\u10d6\u10d4 \u2014 \u10dd\u10e0\u10db\u10d0\u10d2\u10d1\u10dd\u10e0\u10d1\u10da\u10d8\u10d0\u10dc\u10d8** <\/h2>\t\t\t\t<\/div>\n\t\t\t\t<\/div>\n\t\t<div class=\"elementor-element elementor-element-0594e90 e-con-full e-flex e-con e-child\" data-id=\"0594e90\" data-element_type=\"container\" data-e-type=\"container\">\n\t\t\t\t<div class=\"elementor-element elementor-element-ef0d3de elementor-widget elementor-widget-heading\" data-id=\"ef0d3de\" data-element_type=\"widget\" data-e-type=\"widget\" data-widget_type=\"heading.default\">\n\t\t\t\t\t<h2 class=\"elementor-heading-title elementor-size-default\">\u10e0\u10dd\u10d2\u10dd\u10e0\u10ea \u10e1\u10dd\u10e4\u10d4\u10da\u10e8\u10d8, \u10d8\u10e1\u10d4 \u10e5\u10d0\u10da\u10d0\u10e5\u10e8\u10d8 \u2014 Motosafe \u10d0\u10e0\u10d8\u10e1 \u10d7\u10e5\u10d5\u10d4\u10dc\u10e1 \u10e7\u10d5\u10d4\u10da\u10d0 \u10d2\u10d6\u10d0\u10d6\u10d4 \u10e7\u10d5\u10d4\u10da\u10d0\u10d6\u10d4 \u10e1\u10d0\u10dc\u10d3\u10dd \u10e1\u10d0\u10e2\u10e0\u10d0\u10dc\u10e1\u10de\u10dd\u10e0\u10e2\u10dd \u10d7\u10d0\u10dc\u10d0\u10db\u10d2\u10d6\u10d0\u10d5\u10e0\u10d8.<\/h2>\t\t\t\t<\/div>\n\t\t\t\t<\/div>\n\t\t\t\t<\/div>\n\t\t\t\t\t<\/div>\n\t\t\t\t<\/div>\n\t\t<div class=\"elementor-element elementor-element-82746e7 e-con-full e-flex e-con e-parent\" data-id=\"82746e7\" data-element_type=\"container\" data-e-type=\"container\">\n\t\t\t\t<div class=\"elementor-element elementor-element-2656c8c elementor-widget elementor-widget-spacer\" data-id=\"2656c8c\" data-element_type=\"widget\" data-e-type=\"widget\" data-widget_type=\"spacer.default\">\n\t\t\t\t\t\t\t<div class=\"elementor-spacer\">\n\t\t\t<div class=\"elementor-spacer-inner\"><\/div>\n\t\t<\/div>\n\t\t\t\t\t\t<\/div>\n\t\t\t\t<div class=\"elementor-element elementor-element-5f52207 elementor-widget__width-inherit elementor-arrows-position-inside elementor-pagination-position-outside elementor-widget elementor-widget-image-carousel\" data-id=\"5f52207\" data-element_type=\"widget\" data-e-type=\"widget\" data-settings=\"{&quot;slides_to_show&quot;:&quot;1&quot;,&quot;navigation&quot;:&quot;both&quot;,&quot;autoplay&quot;:&quot;yes&quot;,&quot;pause_on_hover&quot;:&quot;yes&quot;,&quot;pause_on_interaction&quot;:&quot;yes&quot;,&quot;autoplay_speed&quot;:5000,&quot;infinite&quot;:&quot;yes&quot;,&quot;effect&quot;:&quot;slide&quot;,&quot;speed&quot;:500}\" data-widget_type=\"image-carousel.default\">\n\t\t\t\t\t\t\t<div class=\"elementor-image-carousel-wrapper swiper\" role=\"region\" aria-roledescription=\"carousel\" aria-label=\"Image Carousel\" dir=\"ltr\">\n\t\t\t<div class=\"elementor-image-carousel swiper-wrapper\" aria-live=\"off\">\n\t\t\t\t\t\t\t\t<div class=\"swiper-slide\" role=\"group\" aria-roledescription=\"slide\" aria-label=\"1 of 3\"><figure class=\"swiper-slide-inner\"><img decoding=\"async\" class=\"swiper-slide-image\" src=\"https:\/\/motosafe.ge\/wp-content\/uploads\/2026\/01\/IMG_4272.jpg\" alt=\"IMG_4272\" \/><\/figure><\/div><div class=\"swiper-slide\" role=\"group\" aria-roledescription=\"slide\" aria-label=\"2 of 3\"><figure class=\"swiper-slide-inner\"><img decoding=\"async\" class=\"swiper-slide-image\" src=\"https:\/\/motosafe.ge\/wp-content\/uploads\/2026\/01\/\u5fae\u4fe1\u56fe\u7247_20260112155151_1294_1757.jpg\" alt=\"\u5fae\u4fe1\u56fe\u7247_20260112155151_1294_1757\" \/><\/figure><\/div><div class=\"swiper-slide\" role=\"group\" aria-roledescription=\"slide\" aria-label=\"3 of 3\"><figure class=\"swiper-slide-inner\"><img decoding=\"async\" class=\"swiper-slide-image\" src=\"https:\/\/motosafe.ge\/wp-content\/uploads\/2026\/01\/\u5fae\u4fe1\u56fe\u7247_20260125114050_1795_1757.jpg\" alt=\"\u5fae\u4fe1\u56fe\u7247_20260125114050_1795_1757\" \/><\/figure><\/div>\t\t\t<\/div>\n\t\t\t\t\t\t\t\t\t\t\t\t<div class=\"elementor-swiper-button elementor-swiper-button-prev\" role=\"button\" tabindex=\"0\">\n\t\t\t\t\t\t<svg aria-hidden=\"true\" class=\"e-font-icon-svg e-eicon-chevron-left\" viewbox=\"0 0 1000 1000\" xmlns=\"http:\/\/www.w3.org\/2000\/svg\"><path d=\"M646 125C629 125 613 133 604 142L308 442C296 454 292 471 292 487 292 504 296 521 308 533L604 854C617 867 629 875 646 875 663 875 679 871 692 858 704 846 713 829 713 812 713 796 708 779 692 767L438 487 692 225C700 217 708 204 708 187 708 171 704 154 692 142 675 129 663 125 646 125Z\"><\/path><\/svg>\t\t\t\t\t<\/div>\n\t\t\t\t\t<div class=\"elementor-swiper-button elementor-swiper-button-next\" role=\"button\" tabindex=\"0\">\n\t\t\t\t\t\t<svg aria-hidden=\"true\" class=\"e-font-icon-svg e-eicon-chevron-right\" viewbox=\"0 0 1000 1000\" xmlns=\"http:\/\/www.w3.org\/2000\/svg\"><path d=\"M696 533C708 521 713 504 713 487 713 471 708 454 696 446L400 146C388 133 375 125 354 125 338 125 325 129 313 142 300 154 292 171 292 187 292 204 296 221 308 233L563 492 304 771C292 783 288 800 288 817 288 833 296 850 308 863 321 871 338 875 354 875 371 875 388 867 400 854L696 533Z\"><\/path><\/svg>\t\t\t\t\t<\/div>\n\t\t\t\t\n\t\t\t\t\t\t\t\t\t<div class=\"swiper-pagination\"><\/div>\n\t\t\t\t\t\t\t\t\t<\/div>\n\t\t\t\t\t\t<\/div>\n\t\t\t\t<\/div>\n\t\t<div class=\"elementor-element elementor-element-ac2a1f3 e-con-full e-flex e-con e-child\" data-id=\"ac2a1f3\" data-element_type=\"container\" data-e-type=\"container\">\n\t\t\t\t<div class=\"elementor-element elementor-element-2f43e74 elementor-widget elementor-widget-spacer\" data-id=\"2f43e74\" data-element_type=\"widget\" data-e-type=\"widget\" data-widget_type=\"spacer.default\">\n\t\t\t\t\t\t\t<div class=\"elementor-spacer\">\n\t\t\t<div class=\"elementor-spacer-inner\"><\/div>\n\t\t<\/div>\n\t\t\t\t\t\t<\/div>\n\t\t\t\t<div class=\"elementor-element elementor-element-c520230 elementor-widget__width-initial elementor-widget elementor-widget-heading\" data-id=\"c520230\" data-element_type=\"widget\" data-e-type=\"widget\" data-widget_type=\"heading.default\">\n\t\t\t\t\t<h2 class=\"elementor-heading-title elementor-size-default\">\ud83d\udd0b \u10eb\u10da\u10d8\u10d4\u10e0\u10d8 \u10d4\u10da\u10d4\u10e5\u10e2\u10e0\u10dd\u10eb\u10e0\u10d0\u10d5\u10d8\u10d7 \u10d9\u10dd\u10db\u10e4\u10dd\u10e0\u10e2\u10e3\u10da\u10d0\u10d3 \u10d2\u10d0\u10d8\u10d0\u10e0\u10d4\u10d7 \u10d2\u10e0\u10eb\u10d4\u10da\u10d8 \u10db\u10d0\u10dc\u10eb\u10d8\u10da\u10d4\u10d1\u10d8.<\/h2>\t\t\t\t<\/div>\n\t\t\t\t<div class=\"elementor-element elementor-element-741fb77 elementor-widget__width-initial elementor-widget elementor-widget-heading\" data-id=\"741fb77\" data-element_type=\"widget\" data-e-type=\"widget\" data-widget_type=\"heading.default\">\n\t\t\t\t\t<h2 class=\"elementor-heading-title elementor-size-default\">\ud83c\udf31 **\u10d4\u10d9\u10dd\u10da\u10dd\u10d2\u10d8\u10e3\u10e0\u10d0\u10d3 \u10e1\u10e3\u10e4\u10d7\u10d0\u10d0 \u2013 \u10d8\u10ea\u10d0\u10d5\u10e1 \u10d1\u10e3\u10dc\u10d4\u10d1\u10d0\u10e1 \u10d3\u10d0 \u10d0\u10e0 \u10d0\u10d1\u10d8\u10dc\u10eb\u10e3\u10e0\u10d4\u10d1\u10e1 \u10f0\u10d0\u10d4\u10e0\u10e1.**<\/h2>\t\t\t\t<\/div>\n\t\t\t\t<div class=\"elementor-element elementor-element-34a165f elementor-widget__width-initial elementor-widget elementor-widget-heading\" data-id=\"34a165f\" data-element_type=\"widget\" data-e-type=\"widget\" data-widget_type=\"heading.default\">\n\t\t\t\t\t<h2 class=\"elementor-heading-title elementor-size-default\">\ud83d\udcb0 **\u10e1\u10d0\u10ec\u10d5\u10d0\u10d5\u10d8\u10e1 \u10ee\u10d0\u10e0\u10ef\u10d4\u10d1\u10e1 \u10dc\u10e3\u10da\u10d0\u10db\u10d3\u10d4 \u10d3\u10d0\u10d8\u10e7\u10d5\u10d0\u10dc\u10d4\u10d7 \u2013 \u10db\u10e3\u10e8\u10d0\u10dd\u10d1\u10e1 \u10db\u10ee\u10dd\u10da\u10dd\u10d3 \u10d4\u10da\u10d4\u10e5\u10e2\u10e0\u10dd\u10d4\u10dc\u10d4\u10e0\u10d2\u10d8\u10d8\u10d7.**<\/h2>\t\t\t\t<\/div>\n\t\t\t\t<div class=\"elementor-element elementor-element-78001e0 elementor-widget__width-initial elementor-widget elementor-widget-heading\" data-id=\"78001e0\" data-element_type=\"widget\" data-e-type=\"widget\" data-widget_type=\"heading.default\">\n\t\t\t\t\t<h2 class=\"elementor-heading-title elementor-size-default\">\ud83e\udd2b \u10e9\u10e3\u10db\u10d0\u10d3 \u10d3\u10d0 \u10d9\u10dd\u10db\u10e4\u10dd\u10e0\u10e2\u10e3\u10da\u10d0\u10d3 \u10d8\u10db\u10d0\u10e0\u10d7\u10d4\u10d1\u10d0 \u2013 \u10ee\u10db\u10d0\u10e3\u10e0\u10d8\u10e1 \u10d2\u10d0\u10e0\u10d4\u10e8\u10d4.<\/h2>\t\t\t\t<\/div>\n\t\t\t\t<div class=\"elementor-element elementor-element-383c330 elementor-widget__width-initial elementor-widget elementor-widget-heading\" data-id=\"383c330\" data-element_type=\"widget\" data-e-type=\"widget\" data-widget_type=\"heading.default\">\n\t\t\t\t\t<h2 class=\"elementor-heading-title elementor-size-default\">\ud83d\udce6 \u10e1\u10dd\u10e4\u10da\u10d8\u10e1 \u10db\u10d4\u10e3\u10e0\u10dc\u10d4\u10dd\u10d1\u10d8\u10e1\u10d7\u10d5\u10d8\u10e1, \u10e2\u10d5\u10d8\u10e0\u10d7\u10d8\u10e1 \u10d2\u10d0\u10d3\u10d0\u10d6\u10d8\u10d3\u10d5\u10d8\u10e1\u10d7\u10d5\u10d8\u10e1 \u10d3\u10d0 \u10e7\u10dd\u10d5\u10d4\u10da\u10d3\u10e6\u10d8\u10e3\u10e0\u10d8 \u10e1\u10d0\u10ed\u10d8\u10e0\u10dd\u10d4\u10d1\u10d4\u10d1\u10d8\u10e1\u10d7\u10d5\u10d8\u10e1 \u10d8\u10d3\u10d4\u10d0\u10da\u10e3\u10e0\u10d8 \u10d0\u10e0\u10e9\u10d4\u10d5\u10d0\u10dc\u10d8.<\/h2>\t\t\t\t<\/div>\n\t\t\t\t<\/div>\n\t\t<div class=\"elementor-element elementor-element-b937919 e-flex e-con-boxed e-con e-parent\" data-id=\"b937919\" data-element_type=\"container\" data-e-type=\"container\">\n\t\t\t\t\t<div class=\"e-con-inner\">\n\t\t\t\t<div class=\"elementor-element elementor-element-01a753d elementor-widget elementor-widget-spacer\" data-id=\"01a753d\" data-element_type=\"widget\" data-e-type=\"widget\" data-widget_type=\"spacer.default\">\n\t\t\t\t\t\t\t<div class=\"elementor-spacer\">\n\t\t\t<div class=\"elementor-spacer-inner\"><\/div>\n\t\t<\/div>\n\t\t\t\t\t\t<\/div>\n\t\t\t\t\t<\/div>\n\t\t\t\t<\/div>\n\t\t<div class=\"elementor-element elementor-element-66a9aeb e-flex e-con-boxed e-con e-parent\" data-id=\"66a9aeb\" data-element_type=\"container\" data-e-type=\"container\">\n\t\t\t\t\t<div class=\"e-con-inner\">\n\t\t\t\t<div class=\"elementor-element elementor-element-7ab3376 elementor-button-info elementor-align-center elementor-widget elementor-widget-button\" data-id=\"7ab3376\" data-element_type=\"widget\" data-e-type=\"widget\" data-widget_type=\"button.default\">\n\t\t\t\t\t\t\t\t\t\t<a class=\"elementor-button elementor-size-sm\" role=\"button\">\n\t\t\t\t\t\t<span class=\"elementor-button-content-wrapper\">\n\t\t\t\t\t\t<span class=\"elementor-button-icon\">\n\t\t\t\t<svg aria-hidden=\"true\" class=\"e-font-icon-svg e-fas-phone\" viewbox=\"0 0 512 512\" xmlns=\"http:\/\/www.w3.org\/2000\/svg\"><path d=\"M493.4 24.6l-104-24c-11.3-2.6-22.9 3.3-27.5 13.9l-48 112c-4.2 9.8-1.4 21.3 6.9 28l60.6 49.6c-36 76.7-98.9 140.5-177.2 177.2l-49.6-60.6c-6.8-8.3-18.2-11.1-28-6.9l-112 48C3.9 366.5-2 378.1.6 389.4l24 104C27.1 504.2 36.7 512 48 512c256.1 0 464-207.5 464-464 0-11.2-7.7-20.9-18.6-23.4z\"><\/path><\/svg>\t\t\t<\/span>\n\t\t\t\t\t\t\t\t\t<span class=\"elementor-button-text\">\ud83d\udcde \u10d3\u10d0\u10d2\u10d5\u10d8\u10d9\u10d0\u10d5\u10e8\u10d8\u10e0\u10d3\u10d8\u10d7: 514 40 10 80<\/span>\n\t\t\t\t\t<\/span>\n\t\t\t\t\t<\/a>\n\t\t\t\t\t\t\t\t<\/div>\n\t\t\t\t\t<\/div>\n\t\t\t\t<\/div>\n\t\t<div class=\"elementor-element elementor-element-01c28e7 e-flex e-con-boxed e-con e-parent\" data-id=\"01c28e7\" data-element_type=\"container\" data-e-type=\"container\">\n\t\t\t\t\t<div class=\"e-con-inner\">\n\t\t\t\t<div class=\"elementor-element elementor-element-7e9d299 elementor-widget elementor-widget-image\" data-id=\"7e9d299\" data-element_type=\"widget\" data-e-type=\"widget\" data-widget_type=\"image.default\">\n\t\t\t\t\t\t\t\t\t\t\t\t\t\t\t<img decoding=\"async\" width=\"1460\" height=\"1224\" src=\"https:\/\/motosafe.ge\/wp-content\/uploads\/2026\/01\/SH-03-blue.png\" class=\"attachment-1536x1536 size-1536x1536 wp-image-679\" alt=\"\" srcset=\"https:\/\/motosafe.ge\/wp-content\/uploads\/2026\/01\/SH-03-blue.png 1460w, https:\/\/motosafe.ge\/wp-content\/uploads\/2026\/01\/SH-03-blue-300x252.png 300w, https:\/\/motosafe.ge\/wp-content\/uploads\/2026\/01\/SH-03-blue-1024x858.png 1024w, https:\/\/motosafe.ge\/wp-content\/uploads\/2026\/01\/SH-03-blue-768x644.png 768w\" sizes=\"(max-width: 1460px) 100vw, 1460px\" \/>\t\t\t\t\t\t\t\t\t\t\t\t\t\t\t<\/div>\n\t\t\t\t\t<\/div>\n\t\t\t\t<\/div>\n\t\t<div class=\"elementor-element elementor-element-4f542cd e-flex e-con-boxed e-con e-parent\" data-id=\"4f542cd\" data-element_type=\"container\" data-e-type=\"container\">\n\t\t\t\t\t<div class=\"e-con-inner\">\n\t\t<div class=\"elementor-element elementor-element-129fa36 e-con-full e-flex e-con e-child\" data-id=\"129fa36\" data-element_type=\"container\" data-e-type=\"container\">\n\t\t\t\t<div class=\"elementor-element elementor-element-7d9d71c elementor-widget elementor-widget-heading\" data-id=\"7d9d71c\" data-element_type=\"widget\" data-e-type=\"widget\" data-widget_type=\"heading.default\">\n\t\t\t\t\t<h2 class=\"elementor-heading-title elementor-size-default\">Electro Muravey \u10e1\u10ee\u10d5\u10d0\u10d3\u10d0\u10e1\u10ee\u10d5\u10d0 \u10db\u10dd\u10d3\u10d4\u10da\u10e1\u10d0 \u10d3\u10d0 \u10e4\u10d4\u10e0\u10d8\u10e1 \u10d0\u10e0\u10e9\u10d4\u10d5\u10d0\u10dc\u10e8\u10d8 \u10e3\u10d9\u10d5\u10d4 Motosafe-\u10e8\u10d8! \ud83c\udf1f<\/h2>\t\t\t\t<\/div>\n\t\t\t\t<\/div>\n\t\t\t\t\t<\/div>\n\t\t\t\t<\/div>\n\t\t\t\t<\/div>","protected":false},"excerpt":{"rendered":"<p>Electro Muravey \u2013 M\u00fcxt\u0259lif modell\u0259r v\u0259 r\u0259ngl\u0259rl\u0259 art\u0131q Motosafe-d\u0259! Ekoloji t\u0259miz, q\u0259na\u0259tcil v\u0259 h\u0259r yerd\u0259 istifad\u0259 \u00fc\u00e7\u00fcn ideal n\u0259qliyyat. G\u00fcrc\u00fcstanda [&hellip;]<\/p>\n","protected":false},"author":1,"featured_media":0,"parent":0,"menu_order":0,"comment_status":"closed","ping_status":"closed","template":"","meta":{"_eb_attr":"","site-sidebar-layout":"no-sidebar","site-content-layout":"","ast-site-content-layout":"full-width-container","site-content-style":"default","site-sidebar-style":"default","ast-global-header-display":"","ast-banner-title-visibility":"","ast-main-header-display":"","ast-hfb-above-header-display":"","ast-hfb-below-header-display":"","ast-hfb-mobile-header-display":"","site-post-title":"disabled","ast-breadcrumbs-content":"","ast-featured-img":"disabled","footer-sml-layout":"","ast-disable-related-posts":"","theme-transparent-header-meta":"","adv-header-id-meta":"","stick-header-meta":"","header-above-stick-meta":"","header-main-stick-meta":"","header-below-stick-meta":"","astra-migrate-meta-layouts":"default","ast-page-background-enabled":"default","ast-page-background-meta":{"desktop":{"background-color":"var(--ast-global-color-5)","background-image":"","background-repeat":"repeat","background-position":"center center","background-size":"auto","background-attachment":"scroll","background-type":"","background-media":"","overlay-type":"","overlay-color":"","overlay-opacity":"","overlay-gradient":""},"tablet":{"background-color":"","background-image":"","background-repeat":"repeat","background-position":"center center","background-size":"auto","background-attachment":"scroll","background-type":"","background-media":"","overlay-type":"","overlay-color":"","overlay-opacity":"","overlay-gradient":""},"mobile":{"background-color":"","background-image":"","background-repeat":"repeat","background-position":"center center","background-size":"auto","background-attachment":"scroll","background-type":"","background-media":"","overlay-type":"","overlay-color":"","overlay-opacity":"","overlay-gradient":""}},"ast-content-background-meta":{"desktop":{"background-color":"var(--ast-global-color-4)","background-image":"","background-repeat":"repeat","background-position":"center center","background-size":"auto","background-attachment":"scroll","background-type":"","background-media":"","overlay-type":"","overlay-color":"","overlay-opacity":"","overlay-gradient":""},"tablet":{"background-color":"var(--ast-global-color-4)","background-image":"","background-repeat":"repeat","background-position":"center center","background-size":"auto","background-attachment":"scroll","background-type":"","background-media":"","overlay-type":"","overlay-color":"","overlay-opacity":"","overlay-gradient":""},"mobile":{"background-color":"var(--ast-global-color-4)","background-image":"","background-repeat":"repeat","background-position":"center center","background-size":"auto","background-attachment":"scroll","background-type":"","background-media":"","overlay-type":"","overlay-color":"","overlay-opacity":"","overlay-gradient":""}},"footnotes":""},"class_list":["post-17","page","type-page","status-publish","hentry"],"_links":{"self":[{"href":"https:\/\/motosafe.ge\/ka\/wp-json\/wp\/v2\/pages\/17","targetHints":{"allow":["GET"]}}],"collection":[{"href":"https:\/\/motosafe.ge\/ka\/wp-json\/wp\/v2\/pages"}],"about":[{"href":"https:\/\/motosafe.ge\/ka\/wp-json\/wp\/v2\/types\/page"}],"author":[{"embeddable":true,"href":"https:\/\/motosafe.ge\/ka\/wp-json\/wp\/v2\/users\/1"}],"replies":[{"embeddable":true,"href":"https:\/\/motosafe.ge\/ka\/wp-json\/wp\/v2\/comments?post=17"}],"version-history":[{"count":312,"href":"https:\/\/motosafe.ge\/ka\/wp-json\/wp\/v2\/pages\/17\/revisions"}],"predecessor-version":[{"id":966,"href":"https:\/\/motosafe.ge\/ka\/wp-json\/wp\/v2\/pages\/17\/revisions\/966"}],"wp:attachment":[{"href":"https:\/\/motosafe.ge\/ka\/wp-json\/wp\/v2\/media?parent=17"}],"curies":[{"name":"wp","href":"https:\/\/api.w.org\/{rel}","templated":true}]}}